{"id":799,"date":"2017-09-28T18:05:27","date_gmt":"2017-09-28T16:05:27","guid":{"rendered":"https:\/\/hotel-saintjean.fr\/accueil\/"},"modified":"2023-07-17T15:00:44","modified_gmt":"2023-07-17T13:00:44","slug":"home","status":"publish","type":"page","link":"https:\/\/hotel-saintjean.fr\/en\/","title":{"rendered":"Home"},"content":{"rendered":"<h1>Family-run Hotel at Tours<\/h1>\n<h2>A warm welcome awaits at Hotel Saint-Jean<\/h2>\n<p>                                                            <a href=\"https:\/\/hotel-saintjean.fr\/en\/rooms\/\"  >Book now<\/a><br \/>\n\t\t<img width=\"78\" height=\"58\" src=\"https:\/\/hotel-saintjean.fr\/wp-content\/uploads\/2017\/11\/tours_quartier_des_halles_hotel_wifi_gratuit.png\" alt=\"H\u00f4tel dans le quartier des halles de Tours - WiFi gratuit\" loading=\"lazy\" \/>\t\t<\/p>\n<p>Free WiFi<\/p>\n<p>\t\t<img width=\"72\" height=\"72\" src=\"https:\/\/hotel-saintjean.fr\/wp-content\/uploads\/2017\/11\/tours_quartier_des_halles_hotel_parking.png\" alt=\"H\u00f4tel dans le quartier des halles de Tours - Parking\" loading=\"lazy\" \/>\t\t<\/p>\n<p>Parking<\/p>\n<p>\t\t<img width=\"80\" height=\"74\" src=\"https:\/\/hotel-saintjean.fr\/wp-content\/uploads\/2017\/11\/tours_quartierdeshalles_hotel_chien_accepte.png\" alt=\"H\u00f4tel dans le quartier des halles de Tours - Chiens accept\u00e9s\" loading=\"lazy\" \/>\t\t<\/p>\n<p>Pet Friendly<\/p>\n<p>\t\t<img width=\"80\" height=\"44\" src=\"https:\/\/hotel-saintjean.fr\/wp-content\/uploads\/2017\/11\/tours_quartier_des_halles_hotel_garage_velo.png\" alt=\"H\u00f4tel dans le quartier des halles de Tours - Garage \u00e0 v\u00e9los\" loading=\"lazy\" \/>\t\t<\/p>\n<p>Bicycle Storage<\/p>\n<p>\t\t<img width=\"284\" height=\"292\" src=\"https:\/\/hotel-saintjean.fr\/wp-content\/uploads\/2023\/07\/logoSJ-1.jpg\" alt=\"\" loading=\"lazy\" \/>\t\t<\/p>\n<p>No Wheelchair Access<\/p>\n<h3>A hotel in the centre of town<\/h3>\n<p>We run a small, independent hotel near the Old Town district of Tours and botanical gardens. Enjoy a moment of peace and relaxation as we welcome you to Tours.<br \/> We wish you all an enjoyable and comfortable stay.<\/p>\n<h4>Why book with us?<\/h4>\n<ul>\n<li>Central Location<\/li>\n<li>450 m from the Old Town<\/li>\n<li>near the universities, the University Hospital and Clocheville Hospital<\/li>\n<li>20 mins from the train station<\/li>\n<li>Facing the Halles de Tours marketplace, hub of Touraine gastronomy<\/li>\n<li>Private Parking<\/li>\n<\/ul>\n<p>\t\t\t<iframe frameborder=\"0\" scrolling=\"no\" marginheight=\"0\" marginwidth=\"0\" src=\"https:\/\/maps.google.com\/maps?q=H%C3%B4tel%20Saint-Jean%2013%20place%20des%20Halles%2037000%20Tours%20-%20France&amp;t=m&amp;z=14&amp;output=embed&amp;iwloc=near\"><\/iframe>\t\t<\/p>\n<h4>Here\u2019s what our clients say about us\u2026<\/h4>\n<p><em>\u201cVery comfortable little hotel, close to great restaurants and the historic part of town. Very friendly reception. Spacious rooms with a SUPERB bathroom with hair dryer and shampoo and great linens. Great comfortable beds.\u00a0<\/em><em>Very clean! Easy parking across the street.\u201d<\/em><\/p>\n<p style=\"text-align: right;\">Cecilia<\/p>\n<p><em>\u201cVery good reception and bedding, with quiet rooms, no outside noise and very clean bathrooms. The team is very kind and the hotel is well located in the centre of Tours, ideal for discovering the \u201cTouraine Spirit\u201d on market days\u201d<\/em><\/p>\n<p style=\"text-align: right;\">Laurent<\/p>\n<p>\t\t<img width=\"768\" height=\"432\" src=\"https:\/\/hotel-saintjean.fr\/wp-content\/uploads\/2017\/11\/tours_loire_hotel.jpg\" alt=\"La Loire\" loading=\"lazy\" srcset=\"https:\/\/hotel-saintjean.fr\/wp-content\/uploads\/2017\/11\/tours_loire_hotel.jpg 768w, https:\/\/hotel-saintjean.fr\/wp-content\/uploads\/2017\/11\/tours_loire_hotel-300x169.jpg 300w\" sizes=\"(max-width: 768px) 100vw, 768px\" \/><br \/>\n\t\t<img width=\"350\" height=\"79\" src=\"https:\/\/hotel-saintjean.fr\/wp-content\/uploads\/2017\/11\/tours_centrale_de_reservatio_booking_hotel.jpg\" alt=\"Centrale de r\u00e9servation booking.com\" loading=\"lazy\" srcset=\"https:\/\/hotel-saintjean.fr\/wp-content\/uploads\/2017\/11\/tours_centrale_de_reservatio_booking_hotel.jpg 350w, https:\/\/hotel-saintjean.fr\/wp-content\/uploads\/2017\/11\/tours_centrale_de_reservatio_booking_hotel-300x68.jpg 300w\" sizes=\"(max-width: 350px) 100vw, 350px\" \/><br \/>\n\t\t<img width=\"350\" height=\"197\" src=\"https:\/\/hotel-saintjean.fr\/wp-content\/uploads\/2017\/11\/tours_centre-ville_hotel_tripadvisor.jpg\" alt=\"Tripadvisor\" loading=\"lazy\" srcset=\"https:\/\/hotel-saintjean.fr\/wp-content\/uploads\/2017\/11\/tours_centre-ville_hotel_tripadvisor.jpg 350w, https:\/\/hotel-saintjean.fr\/wp-content\/uploads\/2017\/11\/tours_centre-ville_hotel_tripadvisor-300x169.jpg 300w\" sizes=\"(max-width: 350px) 100vw, 350px\" \/><br \/>\n\t\t<img width=\"245\" height=\"140\" src=\"https:\/\/hotel-saintjean.fr\/wp-content\/uploads\/2017\/11\/tours_centre-ville_hotel_office_tourime.jpg\" alt=\"Tours - Office du tourisme, hot\u00eal en centre ville\" loading=\"lazy\" \/>\t\t<\/p>\n<h5>Contact us<\/h5>\n<p><a style=\"color: inherit;\" href=\"mailto:co&#110;ta&#99;&#116;&#64;&#104;&#111;&#116;&#101;&#108;-sa&#105;ntje&#97;&#110;&#46;fr\">&#99;&#111;n&#116;a&#99;&#116;&#64;&#104;o&#116;&#101;&#108;-&#115;a&#105;nt&#106;ea&#110;&#46;f&#114;<\/a><br \/>Tel : <a style=\"color: inherit;\" href=\"tel:&#43;3&#51;&#50;&#52;&#55;&#51;&#56;58&#55;7\">&#43;&#51;&#51; &#40;&#48;)2 &#52;7&#32;38&#32;58 77<\/a><\/p>\n<h5>Address<\/h5>\n<p>13 place des Halles<br \/> 37000 Tours &#8211; France<\/p>\n<h5>We accept<\/h5>\n<p>\t\t<img width=\"102\" height=\"64\" src=\"https:\/\/hotel-saintjean.fr\/wp-content\/uploads\/2017\/11\/tours_paiement_hotel_visa.png\" alt=\"VISA\" loading=\"lazy\" \/><br \/>\n\t\t<img width=\"102\" height=\"64\" src=\"https:\/\/hotel-saintjean.fr\/wp-content\/uploads\/2017\/11\/tours_centreville_hotel_mastercard.png\" alt=\"Mastercard\" loading=\"lazy\" \/><br \/>\n\t\t<img width=\"102\" height=\"64\" src=\"https:\/\/hotel-saintjean.fr\/wp-content\/uploads\/2017\/11\/tours_centreville_hotel_american_express.png\" alt=\"American Express\" loading=\"lazy\" \/><br \/>\n\t\t<img width=\"320\" height=\"184\" src=\"https:\/\/hotel-saintjean.fr\/wp-content\/uploads\/2017\/11\/tours_moyen_de_paiement_ancv_hotel.jpg\" alt=\"ANCV\" loading=\"lazy\" srcset=\"https:\/\/hotel-saintjean.fr\/wp-content\/uploads\/2017\/11\/tours_moyen_de_paiement_ancv_hotel.jpg 320w, https:\/\/hotel-saintjean.fr\/wp-content\/uploads\/2017\/11\/tours_moyen_de_paiement_ancv_hotel-300x173.jpg 300w\" sizes=\"(max-width: 320px) 100vw, 320px\" \/><br \/>\n\t\t<img width=\"225\" height=\"169\" src=\"https:\/\/hotel-saintjean.fr\/wp-content\/uploads\/2017\/11\/tours_paiement_accepte_diners_club_international_hotel.jpg\" alt=\"Diners Club International\" loading=\"lazy\" \/><br \/>\n\t\t<img width=\"320\" height=\"240\" src=\"https:\/\/hotel-saintjean.fr\/wp-content\/uploads\/2017\/11\/tours_paiement-accepte_union-pay_hotel.jpg\" alt=\"Union Pay\" loading=\"lazy\" srcset=\"https:\/\/hotel-saintjean.fr\/wp-content\/uploads\/2017\/11\/tours_paiement-accepte_union-pay_hotel.jpg 320w, https:\/\/hotel-saintjean.fr\/wp-content\/uploads\/2017\/11\/tours_paiement-accepte_union-pay_hotel-300x225.jpg 300w\" sizes=\"(max-width: 320px) 100vw, 320px\" \/><br \/>\n\t\t<img width=\"320\" height=\"231\" src=\"https:\/\/hotel-saintjean.fr\/wp-content\/uploads\/2017\/11\/tours_quartier_des_halles_discover_hotel.png\" alt=\"DISCOVER\" loading=\"lazy\" srcset=\"https:\/\/hotel-saintjean.fr\/wp-content\/uploads\/2017\/11\/tours_quartier_des_halles_discover_hotel.png 320w, https:\/\/hotel-saintjean.fr\/wp-content\/uploads\/2017\/11\/tours_quartier_des_halles_discover_hotel-300x217.png 300w\" sizes=\"(max-width: 320px) 100vw, 320px\" \/><br \/>\n\t\t<img width=\"319\" height=\"246\" src=\"https:\/\/hotel-saintjean.fr\/wp-content\/uploads\/2017\/11\/tours_centreville_hotel_jcb.png\" alt=\"JCB\" loading=\"lazy\" srcset=\"https:\/\/hotel-saintjean.fr\/wp-content\/uploads\/2017\/11\/tours_centreville_hotel_jcb.png 319w, https:\/\/hotel-saintjean.fr\/wp-content\/uploads\/2017\/11\/tours_centreville_hotel_jcb-300x231.png 300w\" sizes=\"(max-width: 319px) 100vw, 319px\" \/><br \/>\n                Why book live ?<br \/>\n                            The hotel&#039;s website guarantees you the best price available for a given date at the best conditions of sale.<br \/>\nThe hotel is your direct contact for the execution of your reservation.<\/p>\n","protected":false},"excerpt":{"rendered":"<p>Family-run Hotel at Tours A warm welcome awaits at Hotel Saint-Jean Book now Free WiFi Parking Pet Friendly Bicycle Storage No Wheelchair Access A hotel in the centre of town We run a small, independent hotel near the Old Town district of Tours and botanical gardens. Enjoy a moment of peace and relaxation as we welcome you to Tours. We wish you all an enjoyable and comfortable stay. Why book with us? Central Location 450 m from the Old Town near the universities, the University Hospital and Clocheville Hospital 20 mins from the train station Facing the Halles de Tours marketplace, hub of Touraine gastronomy Private Parking Here\u2019s what our clients say about us\u2026 \u201cVery comfortable little hotel, close to great restaurants and the historic part of town. Very friendly reception. Spacious rooms with a SUPERB bathroom with hair dryer and shampoo and great linens. Great comfortable beds.\u00a0Very clean! Easy parking across the street.\u201d Cecilia \u201cVery good reception and bedding, with quiet rooms, no outside noise and very clean bathrooms. The team is very kind and the hotel is well located in the centre of Tours, ideal for discovering the \u201cTouraine Spirit\u201d on market days\u201d Laurent Contact us Tel : Address 13 place des Halles 37000 Tours &#8211; France We accept Why book live ? The hotel&#039;s website guarantees you the best price available for a given date at the best conditions of sale. The hotel is your direct contact for the execution of your reservation.<\/p>\n","protected":false},"author":1,"featured_media":0,"parent":0,"menu_order":0,"comment_status":"closed","ping_status":"closed","template":"","meta":[],"_links":{"self":[{"href":"https:\/\/hotel-saintjean.fr\/en\/wp-json\/wp\/v2\/pages\/799"}],"collection":[{"href":"https:\/\/hotel-saintjean.fr\/en\/wp-json\/wp\/v2\/pages"}],"about":[{"href":"https:\/\/hotel-saintjean.fr\/en\/wp-json\/wp\/v2\/types\/page"}],"author":[{"embeddable":true,"href":"https:\/\/hotel-saintjean.fr\/en\/wp-json\/wp\/v2\/users\/1"}],"replies":[{"embeddable":true,"href":"https:\/\/hotel-saintjean.fr\/en\/wp-json\/wp\/v2\/comments?post=799"}],"version-history":[{"count":35,"href":"https:\/\/hotel-saintjean.fr\/en\/wp-json\/wp\/v2\/pages\/799\/revisions"}],"predecessor-version":[{"id":17020,"href":"https:\/\/hotel-saintjean.fr\/en\/wp-json\/wp\/v2\/pages\/799\/revisions\/17020"}],"wp:attachment":[{"href":"https:\/\/hotel-saintjean.fr\/en\/wp-json\/wp\/v2\/media?parent=799"}],"curies":[{"name":"wp","href":"https:\/\/api.w.org\/{rel}","templated":true}]}}